{"id":61,"date":"2025-08-25T09:59:05","date_gmt":"2025-08-25T09:59:05","guid":{"rendered":"https:\/\/veltrix-digital.com\/?page_id=61"},"modified":"2025-08-27T18:35:05","modified_gmt":"2025-08-27T18:35:05","slug":"cookie-policy","status":"publish","type":"page","link":"https:\/\/veltrix-digital.com\/de\/cookie-policy\/","title":{"rendered":"Cookie-Richtlinie"},"content":{"rendered":"<ol class=\"wp-block-list\">\n<li>Diese Cookie-Richtlinie erl\u00e4utert, wie Veltrix Digital von Veltrix Global LTD, eingetragen in Silverstream House, Fitzroy Street, Fitzrovia, London, Vereinigtes K\u00f6nigreich, W1T 6EB, betrieben wird.<strong>, <\/strong>mit der Registrierungsnummer 16114936.<\/li>\n\n\n\n<li>Veltrix Digital verwendet Cookies und \u00e4hnliche Technologien, um Ihre Erfahrung auf unserer Website zu verbessern. Durch die weitere Nutzung unserer Website erkl\u00e4ren Sie sich mit der Verwendung von Cookies, wie in dieser Richtlinie beschrieben, einverstanden. Wir empfehlen Ihnen, diese Richtlinie gr\u00fcndlich zu lesen, um zu verstehen, wie wir Cookies verwalten, sammeln und verwenden.<\/li>\n<\/ol>\n\n\n\n<h2 class=\"wp-block-heading\">Was sind Cookies?<\/h2>\n\n\n\n<ol class=\"wp-block-list\">\n<li>Cookies sind kleine Textdateien, die auf Ihrem Ger\u00e4t gespeichert werden, wenn Sie eine Website besuchen. Diese Dateien sammeln und speichern Daten \u00fcber Ihre Interaktionen mit der Website, z. B. Pr\u00e4ferenzen, Anmeldedaten oder Browsing-Aktivit\u00e4ten. Cookies sind unerl\u00e4sslich, um sicherzustellen, dass Websites reibungslos funktionieren und ein personalisiertes Erlebnis bieten.<\/li>\n\n\n\n<li>Cookies dienen verschiedenen Zwecken, wie zum Beispiel:<\/li>\n<\/ol>\n\n\n\n<ul class=\"wp-block-list\">\n<li>Verbesserung der Benutzerfreundlichkeit der Website.<\/li>\n\n\n\n<li>Analyse der Leistung der Website.<\/li>\n\n\n\n<li>Bereitstellung von gezielten und relevanten Werbeinhalten.<\/li>\n<\/ul>\n\n\n\n<ol start=\"3\" class=\"wp-block-list\">\n<li>Cookies werden nach ihrem Zweck, ihrer Dauer und ihrer Herkunft kategorisiert.<\/li>\n<\/ol>\n\n\n\n<h2 class=\"wp-block-heading\">Arten von Cookies, die von Veltrix Digital verwendet werden<\/h2>\n\n\n\n<p>Wir verwenden verschiedene Arten von Cookies, um die Funktionalit\u00e4t und das Benutzererlebnis auf unserer Website zu optimieren:<\/p>\n\n\n\n<ol class=\"wp-block-list\">\n<li><strong>Unverzichtbare Cookies<\/strong><\/li>\n<\/ol>\n\n\n\n<p>Diese Cookies sind f\u00fcr den grundlegenden Betrieb unserer Website unerl\u00e4sslich. Sie erm\u00f6glichen Kernfunktionalit\u00e4ten wie:<\/p>\n\n\n\n<ul class=\"wp-block-list\">\n<li>Navigieren zwischen Seiten.<\/li>\n\n\n\n<li>Sicherung des Zugangs zu Sperrbereichen.<\/li>\n\n\n\n<li>Pflegen von Sitzungsinformationen.<\/li>\n<\/ul>\n\n\n\n<p>Bestimmte Funktionen der Website k\u00f6nnen ohne diese Cookies nicht richtig funktionieren, und Ihr Surferlebnis k\u00f6nnte erheblich beeintr\u00e4chtigt werden.<\/p>\n\n\n\n<ol start=\"2\" class=\"wp-block-list\">\n<li><strong>Analytischer\/Leistungs-Cookie<\/strong><\/li>\n<\/ol>\n\n\n\n<p>Diese Cookies helfen uns zu verstehen, wie Besucher mit unserer Website interagieren. Sie sammeln aggregierte Daten, einschlie\u00dflich:<\/p>\n\n\n\n<ul class=\"wp-block-list\">\n<li>H\u00e4ufig besuchte Seiten.<\/li>\n\n\n\n<li>Navigationspfade.<\/li>\n\n\n\n<li>Fehler, die beim Browsen aufgetreten sind.<\/li>\n<\/ul>\n\n\n\n<p>Die aus diesen Cookies gewonnenen Erkenntnisse erm\u00f6glichen es uns, die Funktionalit\u00e4t unserer Website zu verbessern und so ein besseres Nutzererlebnis zu gew\u00e4hrleisten. Analytische Cookies speichern keine pers\u00f6nlichen Informationen.<\/p>\n\n\n\n<ol start=\"3\" class=\"wp-block-list\">\n<li><strong>Funktionalit\u00e4t Cookies<\/strong><\/li>\n<\/ol>\n\n\n\n<p>Funktions-Cookies erm\u00f6glichen es unserer Website, sich an Ihre Pr\u00e4ferenzen und fr\u00fcheren Interaktionen zu erinnern. Beispiele hierf\u00fcr sind:<\/p>\n\n\n\n<ul class=\"wp-block-list\">\n<li>Erinnern Sie sich an sprachliche oder regionale Vorlieben.<\/li>\n\n\n\n<li>Speichern von benutzerdefinierten Anzeigeeinstellungen.<\/li>\n\n\n\n<li>Durch die Erinnerung an Ihre Entscheidungen bieten diese Cookies ein ma\u00dfgeschneidertes und nahtloses Browsing-Erlebnis.<\/li>\n<\/ul>\n\n\n\n<ol start=\"4\" class=\"wp-block-list\">\n<li><strong>Targeting\/Werbung Cookies<\/strong><\/li>\n<\/ol>\n\n\n\n<p>Targeting-Cookies liefern Werbung, die auf Ihre Interessen und Surfgewohnheiten abgestimmt ist. Diese Cookies:<\/p>\n\n\n\n<ul class=\"wp-block-list\">\n<li>Verfolgen Sie Ihre Interaktionen \u00fcber mehrere Websites hinweg.<\/li>\n\n\n\n<li>Erlauben Sie uns, die Leistung von Werbekampagnen zu messen.<\/li>\n\n\n\n<li>So k\u00f6nnen Sie sicherstellen, dass die von Ihnen angezeigten Anzeigen Ihren Pr\u00e4ferenzen entsprechen.<\/li>\n<\/ul>\n\n\n\n<p>Diese Cookies erm\u00f6glichen es uns auch, unsere Marketingstrategien auf der Grundlage von Daten \u00fcber das Engagement der Nutzer zu optimieren.<\/p>\n\n\n\n<h2 class=\"wp-block-heading\">Wie wir Cookies verwenden<\/h2>\n\n\n\n<p>Veltrix Digital verwendet Cookies f\u00fcr verschiedene Zwecke:<\/p>\n\n\n\n<ol class=\"wp-block-list\">\n<li><strong>Sicherstellung der Website-Funktionalit\u00e4t<\/strong><\/li>\n<\/ol>\n\n\n\n<p>Cookies sind f\u00fcr den reibungslosen Betrieb unserer Website unerl\u00e4sslich. Sie:<\/p>\n\n\n\n<ul class=\"wp-block-list\">\n<li>Unterst\u00fctzung von Navigation und Funktionalit\u00e4t.<\/li>\n\n\n\n<li>Erleichterung von sicheren Transaktionen und sicherem Zugang.<\/li>\n<\/ul>\n\n\n\n<ol start=\"2\" class=\"wp-block-list\">\n<li><strong>Verbesserung der Website-Leistung<\/strong><\/li>\n<\/ol>\n\n\n\n<ul class=\"wp-block-list\">\n<li>Mit analytischen Cookies \u00fcberwachen wir die Nutzung der Website, um Engp\u00e4sse zu erkennen und die Funktionalit\u00e4t zu verbessern. Die aus diesen Cookies gewonnenen Erkenntnisse erm\u00f6glichen es uns, die Website effizienter und benutzerfreundlicher zu gestalten.<\/li>\n<\/ul>\n\n\n\n<ol start=\"3\" class=\"wp-block-list\">\n<li><strong>Personalisieren Sie Ihr Erlebnis<\/strong><\/li>\n<\/ol>\n\n\n\n<ul class=\"wp-block-list\">\n<li>Funktionalit\u00e4ts-Cookies helfen uns, ein ma\u00dfgeschneidertes Erlebnis zu bieten, indem sie sich erinnern:<\/li>\n\n\n\n<li>Ihre Pr\u00e4ferenzen, z. B. Sprache oder regionale Einstellungen.<\/li>\n\n\n\n<li>Fr\u00fchere Interaktionen mit der Website, um relevante Inhalte anzubieten.<\/li>\n<\/ul>\n\n\n\n<ol start=\"4\" class=\"wp-block-list\">\n<li><strong>Relevante Werbung ausliefern<\/strong><\/li>\n<\/ol>\n\n\n\n<ul class=\"wp-block-list\">\n<li>Zielgerichtete Cookies helfen uns, Werbung zu schalten, die Ihren Interessen entspricht. Sie erm\u00f6glichen es uns, die Wirksamkeit von Kampagnen zu verfolgen und sicherzustellen, dass die Werbung auf Ihre Bed\u00fcrfnisse und Vorlieben abgestimmt ist.<\/li>\n<\/ul>\n\n\n\n<h2 class=\"wp-block-heading\">Verwaltung von Cookies<\/h2>\n\n\n\n<ol class=\"wp-block-list\">\n<li>Sie haben die Kontrolle dar\u00fcber, wie Cookies auf Ihrem Ger\u00e4t gespeichert und verwendet werden. Die meisten Webbrowser erm\u00f6glichen Ihnen dies:<\/li>\n<\/ol>\n\n\n\n<ul class=\"wp-block-list\">\n<li>Cookies blockieren oder l\u00f6schen.<\/li>\n\n\n\n<li>Passen Sie die Datenschutzeinstellungen an.<\/li>\n\n\n\n<li>Aktivieren Sie Benachrichtigungen, wenn Cookies platziert werden.<\/li>\n<\/ul>\n\n\n\n<ol start=\"2\" class=\"wp-block-list\">\n<li>Die Deaktivierung von Cookies kann jedoch den Zugang zu bestimmten Funktionen einschr\u00e4nken oder die Funktionalit\u00e4t der Website beeintr\u00e4chtigen. Um Cookies zu verwalten, konsultieren Sie die Einstellungen Ihres Browsers oder besuchen Sie den Hilfebereich Ihres Browseranbieters f\u00fcr detaillierte Anweisungen.<\/li>\n<\/ol>\n\n\n\n<h2 class=\"wp-block-heading\">Cookies von Drittanbietern<\/h2>\n\n\n\n<ol class=\"wp-block-list\">\n<li>Veltrix Digital kann Cookies von Drittanbietern integrieren, einschlie\u00dflich:<\/li>\n<\/ol>\n\n\n\n<ul class=\"wp-block-list\">\n<li><strong>Analytische Dienstleistungen:<\/strong> Zur Verfolgung und Bewertung der Leistung der Website.<\/li>\n\n\n\n<li><strong>Werbenetzwerke:<\/strong> Zur Bereitstellung gezielter Werbung auf der Grundlage Ihres Surfverhaltens.<\/li>\n\n\n\n<li><strong>Plugins f\u00fcr soziale Medien:<\/strong> Das Teilen von Inhalten auf sozialen Plattformen zu erm\u00f6glichen.<\/li>\n<\/ul>\n\n\n\n<ol start=\"2\" class=\"wp-block-list\">\n<li>Diese Cookies unterliegen den Datenschutzrichtlinien der jeweiligen Anbieter. Veltrix Digital hat keine Kontrolle \u00fcber die Cookie-Praktiken von Drittanbietern und empfiehlt, deren Richtlinien zu lesen, um deren Datenverarbeitungsprozesse zu verstehen.<\/li>\n<\/ol>\n\n\n\n<h2 class=\"wp-block-heading\">\u00c4nderungen an dieser Cookie-Richtlinie<\/h2>\n\n\n\n<ol class=\"wp-block-list\">\n<li>Veltrix Digital beh\u00e4lt sich das Recht vor, diese Cookie-Richtlinie bei Bedarf zu aktualisieren. Updates k\u00f6nnen reflektieren.<\/li>\n<\/ol>\n\n\n\n<ul class=\"wp-block-list\">\n<li>\u00c4nderungen in unseren Praktiken.<\/li>\n\n\n\n<li>Erf\u00fcllung neuer gesetzlicher Anforderungen.<\/li>\n\n\n\n<li>Verbesserungen von Website-Merkmalen oder -Funktionen.<\/li>\n<\/ul>\n\n\n\n<ol start=\"2\" class=\"wp-block-list\">\n<li>Wir werden die Nutzer \u00fcber wesentliche \u00c4nderungen informieren, indem wir die \u00fcberarbeitete Richtlinie auf unserer Website ver\u00f6ffentlichen. Die neue Richtlinie tritt unmittelbar nach ihrer Ver\u00f6ffentlichung in Kraft. Wir empfehlen Ihnen, diese Seite regelm\u00e4\u00dfig zu besuchen, um sich \u00fcber unsere Verwendung von Cookies zu informieren.<\/li>\n<\/ol>\n\n\n\n<h2 class=\"wp-block-heading\">Kontakt<\/h2>\n\n\n\n<ol class=\"wp-block-list\">\n<li>Wenn Sie Fragen oder Bedenken zu dieser Cookie-Richtlinie oder zu unserer Verwendung von Cookies haben, wenden Sie sich bitte an uns:<\/li>\n<\/ol>\n\n\n\n<ul class=\"wp-block-list\">\n<li>Telefon Nummer: <a href=\"tel:+447706809662\">+447706809662<\/a><\/li>\n\n\n\n<li>E-Mail: <a href=\"mailto:info@veltrix-digital.com\">info@veltrix-digital.com<\/a><\/li>\n\n\n\n<li>Website-Kontaktformular: <a href=\"https:\/\/veltrix-digital.com\/de\/contact\/\">https:\/\/veltrix-digital.com\/contact<\/a><\/li>\n<\/ul>\n\n\n\n<ol start=\"2\" class=\"wp-block-list\">\n<li>Bitte geben Sie so viele Details wie m\u00f6glich zu Ihrer Anfrage an, damit wir Ihre Anliegen effektiv bearbeiten k\u00f6nnen.<\/li>\n<\/ol>","protected":false},"excerpt":{"rendered":"<p>What Are Cookies? Types of Cookies Used by Veltrix Digital We use several types of cookies to optimize the functionality and user experience of our website: These cookies are critical for the basic operations of our website. They enable core functionalities such as: Certain website features may not function correctly without these cookies, and your [&hellip;]<\/p>","protected":false},"author":1,"featured_media":0,"parent":0,"menu_order":0,"comment_status":"closed","ping_status":"closed","template":"template-pages\/policy.php","meta":{"_acf_changed":false,"footnotes":""},"class_list":["post-61","page","type-page","status-publish","hentry"],"acf":[],"yoast_head":"<!-- This site is optimized with the Yoast SEO plugin v25.8 - https:\/\/yoast.com\/wordpress\/plugins\/seo\/ -->\n<title>Cookie Policy - Veltrix-digital<\/title>\n<meta name=\"robots\" content=\"index, follow, max-snippet:-1, max-image-preview:large, max-video-preview:-1\" \/>\n<link rel=\"canonical\" href=\"https:\/\/veltrix-digital.com\/de\/cookie-policy\/\" \/>\n<meta property=\"og:locale\" content=\"de_DE\" \/>\n<meta property=\"og:type\" content=\"article\" \/>\n<meta property=\"og:title\" content=\"Cookie Policy - Veltrix-digital\" \/>\n<meta property=\"og:description\" content=\"What Are Cookies? Types of Cookies Used by Veltrix Digital We use several types of cookies to optimize the functionality and user experience of our website: These cookies are critical for the basic operations of our website. They enable core functionalities such as: Certain website features may not function correctly without these cookies, and your [&hellip;]\" \/>\n<meta property=\"og:url\" content=\"https:\/\/veltrix-digital.com\/de\/cookie-policy\/\" \/>\n<meta property=\"og:site_name\" content=\"Veltrix-digital\" \/>\n<meta property=\"article:modified_time\" content=\"2025-08-27T18:35:05+00:00\" \/>\n<meta property=\"og:image\" content=\"https:\/\/veltrix-digital.com\/wp-content\/uploads\/2025\/08\/1024-\u00d7-517.png\" \/>\n\t<meta property=\"og:image:width\" content=\"1024\" \/>\n\t<meta property=\"og:image:height\" content=\"513\" \/>\n\t<meta property=\"og:image:type\" content=\"image\/png\" \/>\n<meta name=\"twitter:card\" content=\"summary_large_image\" \/>\n<meta name=\"twitter:label1\" content=\"Gesch\u00e4tzte Lesezeit\" \/>\n\t<meta name=\"twitter:data1\" content=\"4\u00a0Minuten\" \/>\n<script type=\"application\/ld+json\" class=\"yoast-schema-graph\">{\"@context\":\"https:\/\/schema.org\",\"@graph\":[{\"@type\":\"WebPage\",\"@id\":\"https:\/\/veltrix-digital.com\/cookie-policy\/\",\"url\":\"https:\/\/veltrix-digital.com\/cookie-policy\/\",\"name\":\"Cookie Policy - Veltrix-digital\",\"isPartOf\":{\"@id\":\"https:\/\/veltrix-digital.com\/#website\"},\"datePublished\":\"2025-08-25T09:59:05+00:00\",\"dateModified\":\"2025-08-27T18:35:05+00:00\",\"breadcrumb\":{\"@id\":\"https:\/\/veltrix-digital.com\/cookie-policy\/#breadcrumb\"},\"inLanguage\":\"de\",\"potentialAction\":[{\"@type\":\"ReadAction\",\"target\":[\"https:\/\/veltrix-digital.com\/cookie-policy\/\"]}]},{\"@type\":\"BreadcrumbList\",\"@id\":\"https:\/\/veltrix-digital.com\/cookie-policy\/#breadcrumb\",\"itemListElement\":[{\"@type\":\"ListItem\",\"position\":1,\"name\":\"Home\",\"item\":\"https:\/\/veltrix-digital.com\/\"},{\"@type\":\"ListItem\",\"position\":2,\"name\":\"Cookie Policy\"}]},{\"@type\":\"WebSite\",\"@id\":\"https:\/\/veltrix-digital.com\/#website\",\"url\":\"https:\/\/veltrix-digital.com\/\",\"name\":\"Veltrix Digital\",\"description\":\"\",\"publisher\":{\"@id\":\"https:\/\/veltrix-digital.com\/#organization\"},\"alternateName\":\"Veltrix Digital\",\"potentialAction\":[{\"@type\":\"SearchAction\",\"target\":{\"@type\":\"EntryPoint\",\"urlTemplate\":\"https:\/\/veltrix-digital.com\/?s={search_term_string}\"},\"query-input\":{\"@type\":\"PropertyValueSpecification\",\"valueRequired\":true,\"valueName\":\"search_term_string\"}}],\"inLanguage\":\"de\"},{\"@type\":\"Organization\",\"@id\":\"https:\/\/veltrix-digital.com\/#organization\",\"name\":\"Veltrix Digital\",\"url\":\"https:\/\/veltrix-digital.com\/\",\"logo\":{\"@type\":\"ImageObject\",\"inLanguage\":\"de\",\"@id\":\"https:\/\/veltrix-digital.com\/#\/schema\/logo\/image\/\",\"url\":\"https:\/\/veltrix-digital.com\/wp-content\/uploads\/2025\/08\/logo-black.svg\",\"contentUrl\":\"https:\/\/veltrix-digital.com\/wp-content\/uploads\/2025\/08\/logo-black.svg\",\"caption\":\"Veltrix Digital\"},\"image\":{\"@id\":\"https:\/\/veltrix-digital.com\/#\/schema\/logo\/image\/\"}}]}<\/script>\n<!-- \/ Yoast SEO plugin. -->","yoast_head_json":{"title":"Cookie Policy - Veltrix-digital","robots":{"index":"index","follow":"follow","max-snippet":"max-snippet:-1","max-image-preview":"max-image-preview:large","max-video-preview":"max-video-preview:-1"},"canonical":"https:\/\/veltrix-digital.com\/de\/cookie-policy\/","og_locale":"de_DE","og_type":"article","og_title":"Cookie Policy - Veltrix-digital","og_description":"What Are Cookies? Types of Cookies Used by Veltrix Digital We use several types of cookies to optimize the functionality and user experience of our website: These cookies are critical for the basic operations of our website. They enable core functionalities such as: Certain website features may not function correctly without these cookies, and your [&hellip;]","og_url":"https:\/\/veltrix-digital.com\/de\/cookie-policy\/","og_site_name":"Veltrix-digital","article_modified_time":"2025-08-27T18:35:05+00:00","og_image":[{"width":1024,"height":513,"url":"https:\/\/veltrix-digital.com\/wp-content\/uploads\/2025\/08\/1024-\u00d7-517.png","type":"image\/png"}],"twitter_card":"summary_large_image","twitter_misc":{"Gesch\u00e4tzte Lesezeit":"4\u00a0Minuten"},"schema":{"@context":"https:\/\/schema.org","@graph":[{"@type":"WebPage","@id":"https:\/\/veltrix-digital.com\/cookie-policy\/","url":"https:\/\/veltrix-digital.com\/cookie-policy\/","name":"Cookie Policy - Veltrix-digital","isPartOf":{"@id":"https:\/\/veltrix-digital.com\/#website"},"datePublished":"2025-08-25T09:59:05+00:00","dateModified":"2025-08-27T18:35:05+00:00","breadcrumb":{"@id":"https:\/\/veltrix-digital.com\/cookie-policy\/#breadcrumb"},"inLanguage":"de","potentialAction":[{"@type":"ReadAction","target":["https:\/\/veltrix-digital.com\/cookie-policy\/"]}]},{"@type":"BreadcrumbList","@id":"https:\/\/veltrix-digital.com\/cookie-policy\/#breadcrumb","itemListElement":[{"@type":"ListItem","position":1,"name":"Home","item":"https:\/\/veltrix-digital.com\/"},{"@type":"ListItem","position":2,"name":"Cookie Policy"}]},{"@type":"WebSite","@id":"https:\/\/veltrix-digital.com\/#website","url":"https:\/\/veltrix-digital.com\/","name":"Veltrix Digital","description":"","publisher":{"@id":"https:\/\/veltrix-digital.com\/#organization"},"alternateName":"Veltrix Digital","potentialAction":[{"@type":"SearchAction","target":{"@type":"EntryPoint","urlTemplate":"https:\/\/veltrix-digital.com\/?s={search_term_string}"},"query-input":{"@type":"PropertyValueSpecification","valueRequired":true,"valueName":"search_term_string"}}],"inLanguage":"de"},{"@type":"Organization","@id":"https:\/\/veltrix-digital.com\/#organization","name":"Veltrix Digital","url":"https:\/\/veltrix-digital.com\/","logo":{"@type":"ImageObject","inLanguage":"de","@id":"https:\/\/veltrix-digital.com\/#\/schema\/logo\/image\/","url":"https:\/\/veltrix-digital.com\/wp-content\/uploads\/2025\/08\/logo-black.svg","contentUrl":"https:\/\/veltrix-digital.com\/wp-content\/uploads\/2025\/08\/logo-black.svg","caption":"Veltrix Digital"},"image":{"@id":"https:\/\/veltrix-digital.com\/#\/schema\/logo\/image\/"}}]}},"_hostinger_reach_plugin_has_subscription_block":false,"_hostinger_reach_plugin_is_elementor":false,"_links":{"self":[{"href":"https:\/\/veltrix-digital.com\/de\/wp-json\/wp\/v2\/pages\/61","targetHints":{"allow":["GET"]}}],"collection":[{"href":"https:\/\/veltrix-digital.com\/de\/wp-json\/wp\/v2\/pages"}],"about":[{"href":"https:\/\/veltrix-digital.com\/de\/wp-json\/wp\/v2\/types\/page"}],"author":[{"embeddable":true,"href":"https:\/\/veltrix-digital.com\/de\/wp-json\/wp\/v2\/users\/1"}],"replies":[{"embeddable":true,"href":"https:\/\/veltrix-digital.com\/de\/wp-json\/wp\/v2\/comments?post=61"}],"version-history":[{"count":4,"href":"https:\/\/veltrix-digital.com\/de\/wp-json\/wp\/v2\/pages\/61\/revisions"}],"predecessor-version":[{"id":214,"href":"https:\/\/veltrix-digital.com\/de\/wp-json\/wp\/v2\/pages\/61\/revisions\/214"}],"wp:attachment":[{"href":"https:\/\/veltrix-digital.com\/de\/wp-json\/wp\/v2\/media?parent=61"}],"curies":[{"name":"wp","href":"https:\/\/api.w.org\/{rel}","templated":true}]}}